{"id":1129,"date":"2021-05-21T18:40:55","date_gmt":"2021-05-21T18:40:55","guid":{"rendered":"https:\/\/www.clinicatasconodontologia.com\/?page_id=1129"},"modified":"2021-11-08T14:21:15","modified_gmt":"2021-11-08T14:21:15","slug":"sobre-nosotros","status":"publish","type":"page","link":"https:\/\/www.clinicatasconodontologia.com\/en\/about-us\/","title":{"rendered":"About us"},"content":{"rendered":"<div data-elementor-type=\"wp-page\" data-elementor-id=\"1129\" class=\"elementor elementor-1129\" data-elementor-post-type=\"page\">\n\t\t\t\t\t\t<section class=\"elementor-section elementor-top-section elementor-element elementor-element-97dd72c elementor-section-full_width elementor-section-stretched elementor-section-height-default elementor-section-height-default\" data-id=\"97dd72c\" data-element_type=\"section\" data-e-type=\"section\" data-settings=\"{&quot;stretch_section&quot;:&quot;section-stretched&quot;,&quot;background_background&quot;:&quot;classic&quot;,&quot;animation_mobile&quot;:&quot;none&quot;}\">\n\t\t\t\t\t\t<div class=\"elementor-container elementor-column-gap-default\">\n\t\t\t\t\t<div class=\"elementor-column elementor-col-50 elementor-top-column elementor-element elementor-element-baf6226 elementor-invisible\" data-id=\"baf6226\" data-element_type=\"column\" data-e-type=\"column\" data-settings=\"{&quot;background_background&quot;:&quot;classic&quot;,&quot;animation&quot;:&quot;fadeInLeft&quot;,&quot;animation_mobile&quot;:&quot;none&quot;}\">\n\t\t\t<div class=\"elementor-widget-wrap elementor-element-populated\">\n\t\t\t\t\t\t<section class=\"elementor-section elementor-inner-section elementor-element elementor-element-29080af elementor-section-boxed elementor-section-height-default elementor-section-height-default\" data-id=\"29080af\" data-element_type=\"section\" data-e-type=\"section\" data-settings=\"{&quot;animation_mobile&quot;:&quot;none&quot;}\">\n\t\t\t\t\t\t<div class=\"elementor-container elementor-column-gap-default\">\n\t\t\t\t\t<div class=\"elementor-column elementor-col-100 elementor-inner-column elementor-element elementor-element-de59309\" data-id=\"de59309\" data-element_type=\"column\" data-e-type=\"column\" data-settings=\"{&quot;animation_mobile&quot;:&quot;none&quot;}\">\n\t\t\t<div class=\"elementor-widget-wrap elementor-element-populated\">\n\t\t\t\t\t\t<div class=\"elementor-element elementor-element-8cd1ca1 elementor-hidden-desktop elementor-hidden-tablet elementor-widget elementor-widget-image\" data-id=\"8cd1ca1\" data-element_type=\"widget\" data-e-type=\"widget\" data-widget_type=\"image.default\">\n\t\t\t\t<div class=\"elementor-widget-container\">\n\t\t\t\t\t\t\t\t\t\t\t\t\t\t\t<img fetchpriority=\"high\" decoding=\"async\" width=\"952\" height=\"635\" src=\"https:\/\/www.clinicatasconodontologia.com\/wp-content\/uploads\/2021\/05\/bg.png\" class=\"attachment-full size-full wp-image-1137\" alt=\"\" srcset=\"https:\/\/www.clinicatasconodontologia.com\/wp-content\/uploads\/2021\/05\/bg.png 952w, https:\/\/www.clinicatasconodontologia.com\/wp-content\/uploads\/2021\/05\/bg-300x200.png 300w, https:\/\/www.clinicatasconodontologia.com\/wp-content\/uploads\/2021\/05\/bg-768x512.png 768w\" sizes=\"(max-width: 952px) 100vw, 952px\" \/>\t\t\t\t\t\t\t\t\t\t\t\t\t\t\t<\/div>\n\t\t\t\t<\/div>\n\t\t\t\t<div class=\"elementor-element elementor-element-75280b0 elementor-widget-mobile__width-inherit elementor-widget elementor-widget-heading\" data-id=\"75280b0\" data-element_type=\"widget\" data-e-type=\"widget\" data-widget_type=\"heading.default\">\n\t\t\t\t<div class=\"elementor-widget-container\">\n\t\t\t\t\t<h1 class=\"elementor-heading-title elementor-size-default\">About us<\/h1>\t\t\t\t<\/div>\n\t\t\t\t<\/div>\n\t\t\t\t<div class=\"elementor-element elementor-element-7b26f96 elementor-widget elementor-widget-text-editor\" data-id=\"7b26f96\" data-element_type=\"widget\" data-e-type=\"widget\" data-widget_type=\"text-editor.default\">\n\t\t\t\t<div class=\"elementor-widget-container\">\n\t\t\t\t\t\t\t\t\t<p>We are a health clinic with more than 20 years of experience, specializing in cosmetic dentistry \u2013 smile design, dental implants, orthodontics, oral rehabilitation, pediatric dentistry (boys, girls).<\/p><p>Also in the specialties of Endodontics (root canal treatment), Periodontics (treatment of bleeding gums), Oral and Maxillofacial Surgery) and Dental treatments for traffic accidents, Emergencies.<\/p><p>We have sophisticated techniques, excellent professionals and equipment of the highest quality, which allow us to guarantee quality in all our procedures, which are led by our scientific director Dr. Jorge Tac\u00f3n, recognized as a leading specialist in oral and reconstructive implantology. .<\/p>\t\t\t\t\t\t\t\t<\/div>\n\t\t\t\t<\/div>\n\t\t\t\t\t<\/div>\n\t\t<\/div>\n\t\t\t\t\t<\/div>\n\t\t<\/section>\n\t\t\t\t\t<\/div>\n\t\t<\/div>\n\t\t\t\t<div class=\"elementor-column elementor-col-50 elementor-top-column elementor-element elementor-element-60922ee elementor-hidden-tablet elementor-hidden-phone elementor-invisible\" data-id=\"60922ee\" data-element_type=\"column\" data-e-type=\"column\" data-settings=\"{&quot;background_background&quot;:&quot;classic&quot;,&quot;animation&quot;:&quot;fadeInRight&quot;}\">\n\t\t\t<div class=\"elementor-widget-wrap elementor-element-populated\">\n\t\t\t\t\t\t<div class=\"elementor-element elementor-element-e949403 elementor-widget elementor-widget-spacer\" data-id=\"e949403\" data-element_type=\"widget\" data-e-type=\"widget\" data-widget_type=\"spacer.default\">\n\t\t\t\t<div class=\"elementor-widget-container\">\n\t\t\t\t\t\t\t<div class=\"elementor-spacer\">\n\t\t\t<div class=\"elementor-spacer-inner\"><\/div>\n\t\t<\/div>\n\t\t\t\t\t\t<\/div>\n\t\t\t\t<\/div>\n\t\t\t\t\t<\/div>\n\t\t<\/div>\n\t\t\t\t\t<\/div>\n\t\t<\/section>\n\t\t\t\t<section class=\"elementor-section elementor-top-section elementor-element elementor-element-aada546 elementor-section-boxed elementor-section-height-default elementor-section-height-default\" data-id=\"aada546\" data-element_type=\"section\" data-e-type=\"section\">\n\t\t\t\t\t\t<div class=\"elementor-container elementor-column-gap-default\">\n\t\t\t\t\t<div class=\"elementor-column elementor-col-100 elementor-top-column elementor-element elementor-element-760283d\" data-id=\"760283d\" data-element_type=\"column\" data-e-type=\"column\">\n\t\t\t<div class=\"elementor-widget-wrap elementor-element-populated\">\n\t\t\t\t\t\t<div class=\"elementor-element elementor-element-387a87c elementor-widget elementor-widget-heading\" data-id=\"387a87c\" data-element_type=\"widget\" data-e-type=\"widget\" data-widget_type=\"heading.default\">\n\t\t\t\t<div class=\"elementor-widget-container\">\n\t\t\t\t\t<h2 class=\"elementor-heading-title elementor-size-default\">OUR MANAGER<\/h2>\t\t\t\t<\/div>\n\t\t\t\t<\/div>\n\t\t\t\t<div class=\"elementor-element elementor-element-811387f elementor-widget-divider--view-line elementor-widget elementor-widget-divider\" data-id=\"811387f\" data-element_type=\"widget\" data-e-type=\"widget\" data-widget_type=\"divider.default\">\n\t\t\t\t<div class=\"elementor-widget-container\">\n\t\t\t\t\t\t\t<div class=\"elementor-divider\">\n\t\t\t<span class=\"elementor-divider-separator\">\n\t\t\t\t\t\t<\/span>\n\t\t<\/div>\n\t\t\t\t\t\t<\/div>\n\t\t\t\t<\/div>\n\t\t\t\t<div class=\"elementor-element elementor-element-062f223 elementor-widget elementor-widget-text-editor\" data-id=\"062f223\" data-element_type=\"widget\" data-e-type=\"widget\" data-widget_type=\"text-editor.default\">\n\t\t\t\t<div class=\"elementor-widget-container\">\n\t\t\t\t\t\t\t\t\t<p>We have specialists in all areas of dentistry. In addition, each of our professionals is exclusively dedicated to their specialty, which means that they have a very broad vision and great experience in the treatments they perform.<\/p>\t\t\t\t\t\t\t\t<\/div>\n\t\t\t\t<\/div>\n\t\t\t\t<section class=\"elementor-section elementor-inner-section elementor-element elementor-element-a55c4ed elementor-section-boxed elementor-section-height-default elementor-section-height-default\" data-id=\"a55c4ed\" data-element_type=\"section\" data-e-type=\"section\">\n\t\t\t\t\t\t<div class=\"elementor-container elementor-column-gap-default\">\n\t\t\t\t\t<div class=\"elementor-column elementor-col-100 elementor-inner-column elementor-element elementor-element-b1e464c elementor-invisible\" data-id=\"b1e464c\" data-element_type=\"column\" data-e-type=\"column\" data-settings=\"{&quot;animation&quot;:&quot;fadeInUp&quot;,&quot;animation_delay&quot;:250}\">\n\t\t\t<div class=\"elementor-widget-wrap elementor-element-populated\">\n\t\t\t\t\t\t<div class=\"elementor-element elementor-element-1419051 elementor-widget elementor-widget-image\" data-id=\"1419051\" data-element_type=\"widget\" data-e-type=\"widget\" data-widget_type=\"image.default\">\n\t\t\t\t<div class=\"elementor-widget-container\">\n\t\t\t\t\t\t\t\t\t\t\t\t\t\t\t<img decoding=\"async\" width=\"682\" height=\"1024\" src=\"https:\/\/www.clinicatasconodontologia.com\/wp-content\/uploads\/2021\/11\/5f5f2a0e-1ae9-494c-b4e6-6fcc8b724aad.jpg\" class=\"attachment-large size-large wp-image-2141\" alt=\"\" srcset=\"https:\/\/www.clinicatasconodontologia.com\/wp-content\/uploads\/2021\/11\/5f5f2a0e-1ae9-494c-b4e6-6fcc8b724aad.jpg 682w, https:\/\/www.clinicatasconodontologia.com\/wp-content\/uploads\/2021\/11\/5f5f2a0e-1ae9-494c-b4e6-6fcc8b724aad-200x300.jpg 200w\" sizes=\"(max-width: 682px) 100vw, 682px\" \/>\t\t\t\t\t\t\t\t\t\t\t\t\t\t\t<\/div>\n\t\t\t\t<\/div>\n\t\t\t\t<div class=\"elementor-element elementor-element-f71684a elementor-widget elementor-widget-heading\" data-id=\"f71684a\" data-element_type=\"widget\" data-e-type=\"widget\" data-widget_type=\"heading.default\">\n\t\t\t\t<div class=\"elementor-widget-container\">\n\t\t\t\t\t<h5 class=\"elementor-heading-title elementor-size-default\">DR. TASCON<\/h5>\t\t\t\t<\/div>\n\t\t\t\t<\/div>\n\t\t\t\t<div class=\"elementor-element elementor-element-456dd74 elementor-widget elementor-widget-heading\" data-id=\"456dd74\" data-element_type=\"widget\" data-e-type=\"widget\" data-widget_type=\"heading.default\">\n\t\t\t\t<div class=\"elementor-widget-container\">\n\t\t\t\t\t<h6 class=\"elementor-heading-title elementor-size-default\">Dental Expert<\/h6>\t\t\t\t<\/div>\n\t\t\t\t<\/div>\n\t\t\t\t\t<\/div>\n\t\t<\/div>\n\t\t\t\t\t<\/div>\n\t\t<\/section>\n\t\t\t\t\t<\/div>\n\t\t<\/div>\n\t\t\t\t\t<\/div>\n\t\t<\/section>\n\t\t\t\t<\/div>","protected":false},"excerpt":{"rendered":"<p>Sobre Nosotros Somos una cl\u00ednica de salud con m\u00e1s de 20 a\u00f1os de experiencia, especializada en Odontolog\u00eda est\u00e9tica &#8211; Dise\u00f1o de sonrisa, Implantes dentales, Ortodoncia, Rehabilitaci\u00f3n oral, Odontopediatr\u00eda (ni\u00f1os, ni\u00f1as). Tambi\u00e9n en las especialidades de Endodoncia (tratamientos de conductos), Periodoncia (tratamiento del sangrado de las enc\u00edas), Cirug\u00eda Oral y Maxilofacial) y Tratamientos dentales por accidentes [&hellip;]<\/p>\n","protected":false},"author":1,"featured_media":1137,"parent":0,"menu_order":0,"comment_status":"closed","ping_status":"closed","template":"elementor_header_footer","meta":{"_joinchat":[],"footnotes":""},"class_list":["post-1129","page","type-page","status-publish","has-post-thumbnail","hentry"],"yoast_head":"<!-- This site is optimized with the Yoast SEO plugin v27.6 - https:\/\/yoast.com\/product\/yoast-seo-wordpress\/ -->\n<title>Sobre Nosotros - Cl\u00ednica Tasc\u00f3n - Tu cl\u00ednica dental en Cali<\/title>\n<meta name=\"description\" content=\"M\u00e1s de 20 a\u00f1os de experiencia, especializada en Odontolog\u00eda est\u00e9tica. Dise\u00f1o de sonrisa, Implantes dentales, Ortodoncia, Odontopediatr\u00eda.\" \/>\n<meta name=\"robots\" content=\"index, follow, max-snippet:-1, max-image-preview:large, max-video-preview:-1\" \/>\n<link rel=\"canonical\" href=\"https:\/\/www.clinicatasconodontologia.com\/en\/sobre-nosotros\/\" \/>\n<meta property=\"og:locale\" content=\"en_US\" \/>\n<meta property=\"og:type\" content=\"article\" \/>\n<meta property=\"og:title\" content=\"Sobre Nosotros - Cl\u00ednica Tasc\u00f3n - Tu cl\u00ednica dental en Cali\" \/>\n<meta property=\"og:description\" content=\"M\u00e1s de 20 a\u00f1os de experiencia, especializada en Odontolog\u00eda est\u00e9tica. Dise\u00f1o de sonrisa, Implantes dentales, Ortodoncia, Odontopediatr\u00eda.\" \/>\n<meta property=\"og:url\" content=\"https:\/\/www.clinicatasconodontologia.com\/en\/sobre-nosotros\/\" \/>\n<meta property=\"og:site_name\" content=\"Cl\u00ednica Tasc\u00f3n\" \/>\n<meta property=\"article:modified_time\" content=\"2021-11-08T14:21:15+00:00\" \/>\n<meta property=\"og:image\" content=\"https:\/\/www.clinicatasconodontologia.com\/wp-content\/uploads\/2021\/05\/bg.png\" \/>\n\t<meta property=\"og:image:width\" content=\"952\" \/>\n\t<meta property=\"og:image:height\" content=\"635\" \/>\n\t<meta property=\"og:image:type\" content=\"image\/png\" \/>\n<meta name=\"twitter:card\" content=\"summary_large_image\" \/>\n<meta name=\"twitter:label1\" content=\"Est. reading time\" \/>\n\t<meta name=\"twitter:data1\" content=\"2 minutes\" \/>\n<script type=\"application\/ld+json\" class=\"yoast-schema-graph\">{\"@context\":\"https:\\\/\\\/schema.org\",\"@graph\":[{\"@type\":\"WebPage\",\"@id\":\"https:\\\/\\\/www.clinicatasconodontologia.com\\\/sobre-nosotros\\\/\",\"url\":\"https:\\\/\\\/www.clinicatasconodontologia.com\\\/sobre-nosotros\\\/\",\"name\":\"Sobre Nosotros - Cl\u00ednica Tasc\u00f3n - Tu cl\u00ednica dental en Cali\",\"isPartOf\":{\"@id\":\"https:\\\/\\\/www.clinicatasconodontologia.com\\\/#website\"},\"primaryImageOfPage\":{\"@id\":\"https:\\\/\\\/www.clinicatasconodontologia.com\\\/sobre-nosotros\\\/#primaryimage\"},\"image\":{\"@id\":\"https:\\\/\\\/www.clinicatasconodontologia.com\\\/sobre-nosotros\\\/#primaryimage\"},\"thumbnailUrl\":\"https:\\\/\\\/www.clinicatasconodontologia.com\\\/wp-content\\\/uploads\\\/2021\\\/05\\\/bg.png\",\"datePublished\":\"2021-05-21T18:40:55+00:00\",\"dateModified\":\"2021-11-08T14:21:15+00:00\",\"description\":\"M\u00e1s de 20 a\u00f1os de experiencia, especializada en Odontolog\u00eda est\u00e9tica. Dise\u00f1o de sonrisa, Implantes dentales, Ortodoncia, Odontopediatr\u00eda.\",\"inLanguage\":\"en-US\",\"potentialAction\":[{\"@type\":\"ReadAction\",\"target\":[\"https:\\\/\\\/www.clinicatasconodontologia.com\\\/sobre-nosotros\\\/\"]}]},{\"@type\":\"ImageObject\",\"inLanguage\":\"en-US\",\"@id\":\"https:\\\/\\\/www.clinicatasconodontologia.com\\\/sobre-nosotros\\\/#primaryimage\",\"url\":\"https:\\\/\\\/www.clinicatasconodontologia.com\\\/wp-content\\\/uploads\\\/2021\\\/05\\\/bg.png\",\"contentUrl\":\"https:\\\/\\\/www.clinicatasconodontologia.com\\\/wp-content\\\/uploads\\\/2021\\\/05\\\/bg.png\",\"width\":952,\"height\":635},{\"@type\":\"WebSite\",\"@id\":\"https:\\\/\\\/www.clinicatasconodontologia.com\\\/#website\",\"url\":\"https:\\\/\\\/www.clinicatasconodontologia.com\\\/\",\"name\":\"Cl\u00ednica Tasc\u00f3n\",\"description\":\"Sonrisas a otro nivel\",\"publisher\":{\"@id\":\"https:\\\/\\\/www.clinicatasconodontologia.com\\\/#organization\"},\"potentialAction\":[{\"@type\":\"SearchAction\",\"target\":{\"@type\":\"EntryPoint\",\"urlTemplate\":\"https:\\\/\\\/www.clinicatasconodontologia.com\\\/?s={search_term_string}\"},\"query-input\":{\"@type\":\"PropertyValueSpecification\",\"valueRequired\":true,\"valueName\":\"search_term_string\"}}],\"inLanguage\":\"en-US\"},{\"@type\":\"Organization\",\"@id\":\"https:\\\/\\\/www.clinicatasconodontologia.com\\\/#organization\",\"name\":\"Cl\u00ednica Tasc\u00f3n\",\"url\":\"https:\\\/\\\/www.clinicatasconodontologia.com\\\/\",\"logo\":{\"@type\":\"ImageObject\",\"inLanguage\":\"en-US\",\"@id\":\"https:\\\/\\\/www.clinicatasconodontologia.com\\\/#\\\/schema\\\/logo\\\/image\\\/\",\"url\":\"https:\\\/\\\/www.clinicatasconodontologia.com\\\/wp-content\\\/uploads\\\/2021\\\/05\\\/logo2.svg\",\"contentUrl\":\"https:\\\/\\\/www.clinicatasconodontologia.com\\\/wp-content\\\/uploads\\\/2021\\\/05\\\/logo2.svg\",\"width\":436,\"height\":92,\"caption\":\"Cl\u00ednica Tasc\u00f3n\"},\"image\":{\"@id\":\"https:\\\/\\\/www.clinicatasconodontologia.com\\\/#\\\/schema\\\/logo\\\/image\\\/\"}}]}<\/script>\n<!-- \/ Yoast SEO plugin. -->","yoast_head_json":{"title":"About Us - Tascon Clinic - Your dental clinic in Cali","description":"More than 20 years of experience, specializing in aesthetic dentistry. Smile design, Dental implants, Orthodontics, Pediatric dentistry.","robots":{"index":"index","follow":"follow","max-snippet":"max-snippet:-1","max-image-preview":"max-image-preview:large","max-video-preview":"max-video-preview:-1"},"canonical":"https:\/\/www.clinicatasconodontologia.com\/en\/sobre-nosotros\/","og_locale":"en_US","og_type":"article","og_title":"Sobre Nosotros - Cl\u00ednica Tasc\u00f3n - Tu cl\u00ednica dental en Cali","og_description":"M\u00e1s de 20 a\u00f1os de experiencia, especializada en Odontolog\u00eda est\u00e9tica. Dise\u00f1o de sonrisa, Implantes dentales, Ortodoncia, Odontopediatr\u00eda.","og_url":"https:\/\/www.clinicatasconodontologia.com\/en\/sobre-nosotros\/","og_site_name":"Cl\u00ednica Tasc\u00f3n","article_modified_time":"2021-11-08T14:21:15+00:00","og_image":[{"width":952,"height":635,"url":"https:\/\/www.clinicatasconodontologia.com\/wp-content\/uploads\/2021\/05\/bg.png","type":"image\/png"}],"twitter_card":"summary_large_image","twitter_misc":{"Est. reading time":"2 minutes"},"schema":{"@context":"https:\/\/schema.org","@graph":[{"@type":"WebPage","@id":"https:\/\/www.clinicatasconodontologia.com\/sobre-nosotros\/","url":"https:\/\/www.clinicatasconodontologia.com\/sobre-nosotros\/","name":"About Us - Tascon Clinic - Your dental clinic in Cali","isPartOf":{"@id":"https:\/\/www.clinicatasconodontologia.com\/#website"},"primaryImageOfPage":{"@id":"https:\/\/www.clinicatasconodontologia.com\/sobre-nosotros\/#primaryimage"},"image":{"@id":"https:\/\/www.clinicatasconodontologia.com\/sobre-nosotros\/#primaryimage"},"thumbnailUrl":"https:\/\/www.clinicatasconodontologia.com\/wp-content\/uploads\/2021\/05\/bg.png","datePublished":"2021-05-21T18:40:55+00:00","dateModified":"2021-11-08T14:21:15+00:00","description":"More than 20 years of experience, specializing in aesthetic dentistry. Smile design, Dental implants, Orthodontics, Pediatric dentistry.","inLanguage":"en-US","potentialAction":[{"@type":"ReadAction","target":["https:\/\/www.clinicatasconodontologia.com\/sobre-nosotros\/"]}]},{"@type":"ImageObject","inLanguage":"en-US","@id":"https:\/\/www.clinicatasconodontologia.com\/sobre-nosotros\/#primaryimage","url":"https:\/\/www.clinicatasconodontologia.com\/wp-content\/uploads\/2021\/05\/bg.png","contentUrl":"https:\/\/www.clinicatasconodontologia.com\/wp-content\/uploads\/2021\/05\/bg.png","width":952,"height":635},{"@type":"WebSite","@id":"https:\/\/www.clinicatasconodontologia.com\/#website","url":"https:\/\/www.clinicatasconodontologia.com\/","name":"Tascon Clinic","description":"Sonrisas a otro nivel","publisher":{"@id":"https:\/\/www.clinicatasconodontologia.com\/#organization"},"potentialAction":[{"@type":"SearchAction","target":{"@type":"EntryPoint","urlTemplate":"https:\/\/www.clinicatasconodontologia.com\/?s={search_term_string}"},"query-input":{"@type":"PropertyValueSpecification","valueRequired":true,"valueName":"search_term_string"}}],"inLanguage":"en-US"},{"@type":"Organization","@id":"https:\/\/www.clinicatasconodontologia.com\/#organization","name":"Tascon Clinic","url":"https:\/\/www.clinicatasconodontologia.com\/","logo":{"@type":"ImageObject","inLanguage":"en-US","@id":"https:\/\/www.clinicatasconodontologia.com\/#\/schema\/logo\/image\/","url":"https:\/\/www.clinicatasconodontologia.com\/wp-content\/uploads\/2021\/05\/logo2.svg","contentUrl":"https:\/\/www.clinicatasconodontologia.com\/wp-content\/uploads\/2021\/05\/logo2.svg","width":436,"height":92,"caption":"Cl\u00ednica Tasc\u00f3n"},"image":{"@id":"https:\/\/www.clinicatasconodontologia.com\/#\/schema\/logo\/image\/"}}]}},"_links":{"self":[{"href":"https:\/\/www.clinicatasconodontologia.com\/en\/wp-json\/wp\/v2\/pages\/1129","targetHints":{"allow":["GET"]}}],"collection":[{"href":"https:\/\/www.clinicatasconodontologia.com\/en\/wp-json\/wp\/v2\/pages"}],"about":[{"href":"https:\/\/www.clinicatasconodontologia.com\/en\/wp-json\/wp\/v2\/types\/page"}],"author":[{"embeddable":true,"href":"https:\/\/www.clinicatasconodontologia.com\/en\/wp-json\/wp\/v2\/users\/1"}],"replies":[{"embeddable":true,"href":"https:\/\/www.clinicatasconodontologia.com\/en\/wp-json\/wp\/v2\/comments?post=1129"}],"version-history":[{"count":0,"href":"https:\/\/www.clinicatasconodontologia.com\/en\/wp-json\/wp\/v2\/pages\/1129\/revisions"}],"wp:featuredmedia":[{"embeddable":true,"href":"https:\/\/www.clinicatasconodontologia.com\/en\/wp-json\/wp\/v2\/media\/1137"}],"wp:attachment":[{"href":"https:\/\/www.clinicatasconodontologia.com\/en\/wp-json\/wp\/v2\/media?parent=1129"}],"curies":[{"name":"wp","href":"https:\/\/api.w.org\/{rel}","templated":true}]}}